{"id":136,"date":"2024-10-31T13:26:23","date_gmt":"2024-10-31T12:26:23","guid":{"rendered":"https:\/\/findigofki.cz\/findigocz.awn12.vas-server.cz\/?page_id=136"},"modified":"2024-12-06T15:32:33","modified_gmt":"2024-12-06T14:32:33","slug":"informace","status":"publish","type":"page","link":"https:\/\/findigofki.cz\/findigocz\/informace\/","title":{"rendered":"Povinn\u011b zve\u0159ej\u0148ovan\u00e9 informace"},"content":{"rendered":"<h2>Informace o spole\u010dnosti<\/h2>\n","protected":false},"excerpt":{"rendered":"<p>Informace o spole\u010dnosti<\/p>\n","protected":false},"author":1,"featured_media":427,"parent":0,"menu_order":13,"comment_status":"closed","ping_status":"closed","template":"templates\/template-informace.php","meta":{"_acf_changed":false,"footnotes":""},"class_list":["post-136","page","type-page","status-publish","has-post-thumbnail","hentry"],"acf":[],"_links":{"self":[{"href":"https:\/\/findigofki.cz\/findigocz\/wp-json\/wp\/v2\/pages\/136","targetHints":{"allow":["GET"]}}],"collection":[{"href":"https:\/\/findigofki.cz\/findigocz\/wp-json\/wp\/v2\/pages"}],"about":[{"href":"https:\/\/findigofki.cz\/findigocz\/wp-json\/wp\/v2\/types\/page"}],"author":[{"embeddable":true,"href":"https:\/\/findigofki.cz\/findigocz\/wp-json\/wp\/v2\/users\/1"}],"replies":[{"embeddable":true,"href":"https:\/\/findigofki.cz\/findigocz\/wp-json\/wp\/v2\/comments?post=136"}],"version-history":[{"count":4,"href":"https:\/\/findigofki.cz\/findigocz\/wp-json\/wp\/v2\/pages\/136\/revisions"}],"predecessor-version":[{"id":143,"href":"https:\/\/findigofki.cz\/findigocz\/wp-json\/wp\/v2\/pages\/136\/revisions\/143"}],"wp:featuredmedia":[{"embeddable":true,"href":"https:\/\/findigofki.cz\/findigocz\/wp-json\/wp\/v2\/media\/427"}],"wp:attachment":[{"href":"https:\/\/findigofki.cz\/findigocz\/wp-json\/wp\/v2\/media?parent=136"}],"curies":[{"name":"wp","href":"https:\/\/api.w.org\/{rel}","templated":true}]}}