{"id":2,"date":"2024-10-19T17:47:16","date_gmt":"2024-10-19T15:47:16","guid":{"rendered":"https:\/\/findigofki.cz\/findigocz.awn12.vas-server.cz\/?page_id=2"},"modified":"2026-02-10T14:45:14","modified_gmt":"2026-02-10T13:45:14","slug":"uvod","status":"publish","type":"page","link":"https:\/\/findigofki.cz\/findigocz\/","title":{"rendered":"\u00davod"},"content":{"rendered":"<h1>Spolehliv\u00fd<br \/>\npartner pro v\u00e1\u0161<br \/>\npodnikatelsk\u00fd \u00fasp\u011bch<\/h1>\n<p>Zam\u011b\u0159ujeme se na poskytov\u00e1n\u00ed kr\u00e1tkodob\u00fdch zaji\u0161t\u011bn\u00fdch podnikatelsk\u00fdch \u00fav\u011br\u016f. Realizujte d\u00edky na\u0161im slu\u017eb\u00e1m va\u0161e podnikatelsk\u00e9 z\u00e1m\u011bry.<\/p>\n<p>&nbsp;<\/p>\n<p><a class=\"btn ani\" href=\"#o-nas\">V\u00edce o n\u00e1s<\/a> \u00a0 <a class=\"btn negative ani\" href=\"#kontaktujte-nas\">M\u00e1m z\u00e1jem o financov\u00e1n\u00ed<\/a><\/p>\n","protected":false},"excerpt":{"rendered":"<p>Spolehliv\u00fd partner pro v\u00e1\u0161 podnikatelsk\u00fd \u00fasp\u011bch Zam\u011b\u0159ujeme se na poskytov\u00e1n\u00ed kr\u00e1tkodob\u00fdch zaji\u0161t\u011bn\u00fdch podnikatelsk\u00fdch \u00fav\u011br\u016f. Realizujte d\u00edky na\u0161im slu\u017eb\u00e1m va\u0161e podnikatelsk\u00e9 z\u00e1m\u011bry. &nbsp; V\u00edce o n\u00e1s \u00a0 M\u00e1m z\u00e1jem o financov\u00e1n\u00ed<\/p>\n","protected":false},"author":1,"featured_media":430,"parent":0,"menu_order":0,"comment_status":"closed","ping_status":"open","template":"","meta":{"_acf_changed":false,"footnotes":""},"class_list":["post-2","page","type-page","status-publish","has-post-thumbnail","hentry"],"acf":[],"_links":{"self":[{"href":"https:\/\/findigofki.cz\/findigocz\/wp-json\/wp\/v2\/pages\/2","targetHints":{"allow":["GET"]}}],"collection":[{"href":"https:\/\/findigofki.cz\/findigocz\/wp-json\/wp\/v2\/pages"}],"about":[{"href":"https:\/\/findigofki.cz\/findigocz\/wp-json\/wp\/v2\/types\/page"}],"author":[{"embeddable":true,"href":"https:\/\/findigofki.cz\/findigocz\/wp-json\/wp\/v2\/users\/1"}],"replies":[{"embeddable":true,"href":"https:\/\/findigofki.cz\/findigocz\/wp-json\/wp\/v2\/comments?post=2"}],"version-history":[{"count":7,"href":"https:\/\/findigofki.cz\/findigocz\/wp-json\/wp\/v2\/pages\/2\/revisions"}],"predecessor-version":[{"id":458,"href":"https:\/\/findigofki.cz\/findigocz\/wp-json\/wp\/v2\/pages\/2\/revisions\/458"}],"wp:featuredmedia":[{"embeddable":true,"href":"https:\/\/findigofki.cz\/findigocz\/wp-json\/wp\/v2\/media\/430"}],"wp:attachment":[{"href":"https:\/\/findigofki.cz\/findigocz\/wp-json\/wp\/v2\/media?parent=2"}],"curies":[{"name":"wp","href":"https:\/\/api.w.org\/{rel}","templated":true}]}}